{"id":81,"date":"2012-11-15T22:30:42","date_gmt":"2012-11-15T21:30:42","guid":{"rendered":"http:\/\/ospreydc.se\/?page_id=81"},"modified":"2022-12-31T17:16:25","modified_gmt":"2022-12-31T16:16:25","slug":"fordelar-med-att-anvanda-anga","status":"publish","type":"page","link":"https:\/\/www.ospreydc.se\/?page_id=81","title":{"rendered":"F\u00f6rdelar med att anv\u00e4nda \u00e5nga"},"content":{"rendered":"<p>\u2022&nbsp;Bakteried\u00f6dande effekt, resulterar i h\u00f6gre hygien<br \/>\n\u2022 Med&nbsp;liten vatten\u00e5tg\u00e5ng, uppn\u00e5r betydande kostnadsbesparingar<br \/>\n\u2022 Minskar anv\u00e4ndningen av kemikalier d\u00e5 oftast enbart vatten anv\u00e4nds, \u00f6kar besparingar<br \/>\n\u2022&nbsp;L\u00e4mnar ytor som omedelbart blir rena och mycket snabbt torra<br \/>\n\u2022 Kortare tid f\u00f6r reng\u00f6ring, minskar arbetskraftskostnaderna<br \/>\n\u2022 Mindre aggressiv reng\u00f6ring f\u00f6rb\u00e4ttrar utrustningens h\u00e5llbarhet<br \/>\n\u2022 Milj\u00f6v\u00e4nlig, g\u00f6r h\u00e5llbar reng\u00f6ring verklighet<\/p>\n<h3>\u00c4r det milj\u00f6v\u00e4nligt?<\/h3>\n<p>Eftersom endast en liten m\u00e4ngd rent kranvatten kr\u00e4vs f\u00f6r att generera stora m\u00e4ngder av torr \u00e5nga, \u00e4r det en mycket milj\u00f6v\u00e4nlig process som \u00e4ven minskar vattenf\u00f6rbrukningen med s\u00e5 mycket som 90 % till 95 %, utan ocks\u00e5 f\u00f6r att det endast i extremfall beh\u00f6vs tills\u00e4ttning av reng\u00f6ringsmedel vilket inneb\u00e4r att man kan minska anv\u00e4ndningen till ett minimum av detergenter och andra kemikalier i samband med reng\u00f6ring.<\/p>\n<p>\u2022&nbsp;Extremt milj\u00f6v\u00e4nligt<br \/>\n\u2022 Minimalt anv\u00e4ndande av kemikalier och om det anv\u00e4nds \u00e4r kemikalien 100 % milj\u00f6v\u00e4nlig<br \/>\n\u2022 Kostnadseffektivt eftersom endast vatten anv\u00e4nds.<br \/>\n\u2022 Liten vattenf\u00f6rbrukning.<\/p>\n<h4>OSPREY DEEPCLEAN \u2013 Det naturliga valet f\u00f6r intelligent reng\u00f6ring<\/h4>\n","protected":false},"excerpt":{"rendered":"<p>\u2022&nbsp;Bakteried\u00f6dande effekt, resulterar i h\u00f6gre hygien \u2022 Med&nbsp;liten vatten\u00e5tg\u00e5ng, uppn\u00e5r betydande kostnadsbesparingar \u2022 Minskar anv\u00e4ndningen av kemikalier d\u00e5 oftast enbart vatten anv\u00e4nds, \u00f6kar besparingar \u2022&nbsp;L\u00e4mnar ytor som omedelbart blir rena och mycket snabbt torra \u2022 Kortare tid f\u00f6r reng\u00f6ring, minskar arbetskraftskostnaderna \u2022 Mindre aggressiv reng\u00f6ring f\u00f6rb\u00e4ttrar utrustningens h\u00e5llbarhet \u2022 Milj\u00f6v\u00e4nlig, g\u00f6r h\u00e5llbar reng\u00f6ring verklighet \u00c4r [&hellip;]<\/p>\n","protected":false},"author":1,"featured_media":0,"parent":67,"menu_order":0,"comment_status":"closed","ping_status":"closed","template":"","meta":{"footnotes":""},"class_list":["post-81","page","type-page","status-publish","hentry"],"_links":{"self":[{"href":"https:\/\/www.ospreydc.se\/index.php?rest_route=\/wp\/v2\/pages\/81","targetHints":{"allow":["GET"]}}],"collection":[{"href":"https:\/\/www.ospreydc.se\/index.php?rest_route=\/wp\/v2\/pages"}],"about":[{"href":"https:\/\/www.ospreydc.se\/index.php?rest_route=\/wp\/v2\/types\/page"}],"author":[{"embeddable":true,"href":"https:\/\/www.ospreydc.se\/index.php?rest_route=\/wp\/v2\/users\/1"}],"replies":[{"embeddable":true,"href":"https:\/\/www.ospreydc.se\/index.php?rest_route=%2Fwp%2Fv2%2Fcomments&post=81"}],"version-history":[{"count":0,"href":"https:\/\/www.ospreydc.se\/index.php?rest_route=\/wp\/v2\/pages\/81\/revisions"}],"up":[{"embeddable":true,"href":"https:\/\/www.ospreydc.se\/index.php?rest_route=\/wp\/v2\/pages\/67"}],"wp:attachment":[{"href":"https:\/\/www.ospreydc.se\/index.php?rest_route=%2Fwp%2Fv2%2Fmedia&parent=81"}],"curies":[{"name":"wp","href":"https:\/\/api.w.org\/{rel}","templated":true}]}}