{"id":78,"date":"2012-11-15T22:30:10","date_gmt":"2012-11-15T21:30:10","guid":{"rendered":"http:\/\/ospreydc.se\/?page_id=78"},"modified":"2022-12-31T17:16:12","modified_gmt":"2022-12-31T16:16:12","slug":"var-kan-man-anvanda-angrengoring","status":"publish","type":"page","link":"https:\/\/www.ospreydc.se\/?page_id=78","title":{"rendered":"Var kan man anv\u00e4nda \u00e5ngreng\u00f6ring?"},"content":{"rendered":"<p>Reng\u00f6ring med \u00e5nga kan anv\u00e4ndas i n\u00e4stan alla typer av reng\u00f6ring och p\u00e5 de flesta material. Det finns emellertid material som \u00e4r extremt v\u00e4rmek\u00e4nsliga, t.ex. sidentyg och en del mycket tunna plaster, s\u00e5 d\u00e4r ska man vara f\u00f6rsiktig.<\/p>\n<p>H\u00e4r \u00e4r n\u00e5gra exempel p\u00e5 var man anv\u00e4nder reng\u00f6ring med torr \u00e5nga<\/p>\n<p><strong>Caf\u00e9 och restauranger:<\/strong> Alla tillagningsytor s\u00e5 som rostfria b\u00e4nkar, k\u00f6kstillbeh\u00f6r, ugnar, grillar, kyl och frys, ventilation i k\u00f6ket, utl\u00e4mningsdiskar, bord, stolar, feta golv m.m.<\/p>\n<p><strong>Saneringsbolag:<\/strong> Tuggummisanering (enda tillf\u00e4llet man anv\u00e4nder ett reng\u00f6ringsmedel speciellt framtaget som \u00e4r 100 % milj\u00f6v\u00e4nligt), klotter p\u00e5 h\u00e5rda ytor, borttagning av ogr\u00e4s, m.m.<\/p>\n<p><strong>St\u00e4df\u00f6retag:<\/strong> Golv och v\u00e4ggar, utm\u00e4rkt till halkfria&nbsp;golv, k\u00f6k, badrum, handfat, dusch, speglar, m.m.<\/p>\n<p><strong>V\u00e5rdsektorn:<\/strong> idealisk f\u00f6r att h\u00e5lla&nbsp;b\u00e4sta hygien f\u00f6r&nbsp;alla ytor som m\u00e5ste desinficeras, t.ex. s\u00e4ngar, rullstolar, akututrymmen, totalreng\u00f6ring efter avliden m.m.<\/p>\n<p><strong>Gym:<\/strong> Redskap, duschutrymmen, omkl\u00e4dningsrum m.m.<\/p>\n<p><strong>Sjukv\u00e5rden:<\/strong> Vid extra h\u00f6ga krav p\u00e5 hygien och d\u00e5 det inte f\u00e5r finnas bakterier p\u00e5 n\u00e5gra ytor, m.m.<\/p>\n<p><strong>Industri:<\/strong> Livsmedelshantering d\u00e4r man har h\u00f6ga krav p\u00e5 hygien, t.ex. transportband, f\u00f6rpackningsareor, sk\u00e4rmaskiner<\/p>\n<p><strong>Tung industri:<\/strong> Alla typer av fettborttagning.&nbsp;Skr\u00e4ddarsydd automatisering f\u00f6r industrin med h\u00f6ga krav p\u00e5 hygien.<\/p>\n","protected":false},"excerpt":{"rendered":"<p>Reng\u00f6ring med \u00e5nga kan anv\u00e4ndas i n\u00e4stan alla typer av reng\u00f6ring och p\u00e5 de flesta material. Det finns emellertid material som \u00e4r extremt v\u00e4rmek\u00e4nsliga, t.ex. sidentyg och en del mycket tunna plaster, s\u00e5 d\u00e4r ska man vara f\u00f6rsiktig. H\u00e4r \u00e4r n\u00e5gra exempel p\u00e5 var man anv\u00e4nder reng\u00f6ring med torr \u00e5nga Caf\u00e9 och restauranger: Alla tillagningsytor [&hellip;]<\/p>\n","protected":false},"author":1,"featured_media":0,"parent":67,"menu_order":0,"comment_status":"closed","ping_status":"closed","template":"","meta":{"footnotes":""},"class_list":["post-78","page","type-page","status-publish","hentry"],"_links":{"self":[{"href":"https:\/\/www.ospreydc.se\/index.php?rest_route=\/wp\/v2\/pages\/78","targetHints":{"allow":["GET"]}}],"collection":[{"href":"https:\/\/www.ospreydc.se\/index.php?rest_route=\/wp\/v2\/pages"}],"about":[{"href":"https:\/\/www.ospreydc.se\/index.php?rest_route=\/wp\/v2\/types\/page"}],"author":[{"embeddable":true,"href":"https:\/\/www.ospreydc.se\/index.php?rest_route=\/wp\/v2\/users\/1"}],"replies":[{"embeddable":true,"href":"https:\/\/www.ospreydc.se\/index.php?rest_route=%2Fwp%2Fv2%2Fcomments&post=78"}],"version-history":[{"count":0,"href":"https:\/\/www.ospreydc.se\/index.php?rest_route=\/wp\/v2\/pages\/78\/revisions"}],"up":[{"embeddable":true,"href":"https:\/\/www.ospreydc.se\/index.php?rest_route=\/wp\/v2\/pages\/67"}],"wp:attachment":[{"href":"https:\/\/www.ospreydc.se\/index.php?rest_route=%2Fwp%2Fv2%2Fmedia&parent=78"}],"curies":[{"name":"wp","href":"https:\/\/api.w.org\/{rel}","templated":true}]}}