{"id":69,"date":"2012-11-15T22:27:13","date_gmt":"2012-11-15T21:27:13","guid":{"rendered":"http:\/\/ospreydc.se\/?page_id=69"},"modified":"2022-12-31T17:16:19","modified_gmt":"2022-12-31T16:16:19","slug":"hur-fungerar-det-med-anga","status":"publish","type":"page","link":"https:\/\/www.ospreydc.se\/?page_id=69","title":{"rendered":"Hur fungerar reng\u00f6ring med \u00e5nga?"},"content":{"rendered":"<p>Vatten fylls p\u00e5 i en beh\u00e5llare som under h\u00f6gt tryck v\u00e4rmer upp vattnet upp till 185 \u00b0C och omvandlar vattnet till het torr \u00e5nga. \u00c5ngan kallas torr eftersom den endast inneh\u00e5ller 5-6% vatten och \u00e4r avsev\u00e4rt torrare \u00e4n luften vi normalt andas. Det inneb\u00e4r att ytan man bearbetar m\u00e5nga g\u00e5nger uppfattas som torr, speciellt vid j\u00e4mf\u00f6relse mot andra reng\u00f6ringsmetoder.<\/p>\n<h3>P\u00e5 vilket s\u00e4tt g\u00f6r den rent b\u00e4ttre?<\/h3>\n<p>Torr \u00e5nga l\u00f6ser upp och f\u00f6r\u00e5ngar fetter, d\u00f6dar bakterier p\u00e5 alla ytor som man anv\u00e4nder \u00e5nga och detta utan anv\u00e4ndande av n\u00e5gra kemikalier. Den tr\u00e4nger in i alla typer av ytor, sprickor tr\u00e5nga utrymmen \u00f6verallt d\u00e4r man inte kan f\u00e5 rent med konventionella reng\u00f6ringsmetoder \u00e4ven med hj\u00e4lp av kemikalier.<\/p>\n<p>Ut\u00f6ver sina enast\u00e5ende reng\u00f6rings- och desinfektionsegenskaper, \u00e4r torr \u00e5nga ett kraftfullt verktyg som kan utnyttjas och komma till anv\u00e4ndning i m\u00e5nga industriella applikationer. I de flesta fall beh\u00f6ver du inte reng\u00f6ringsmedel, men f\u00f6r vissa applikationer s\u00e5som tuggummiborttagning, beh\u00f6vs reng\u00f6ringsmedel. Reningsprocessen kan ocks\u00e5 p\u00e5skyndas p\u00e5 vissa extremt nedsmutsade ytor genom anv\u00e4ndning av ett speciellt framtaget reng\u00f6ringsmedel som t\u00e5l de h\u00f6ga temperaturer som v\u00e5r \u00e5ngteknik har och som \u00e4r 100 % milj\u00f6v\u00e4nligt.<\/p>\n<p>&nbsp;<\/p>\n","protected":false},"excerpt":{"rendered":"<p>Vatten fylls p\u00e5 i en beh\u00e5llare som under h\u00f6gt tryck v\u00e4rmer upp vattnet upp till 185 \u00b0C och omvandlar vattnet till het torr \u00e5nga. \u00c5ngan kallas torr eftersom den endast inneh\u00e5ller 5-6% vatten och \u00e4r avsev\u00e4rt torrare \u00e4n luften vi normalt andas. Det inneb\u00e4r att ytan man bearbetar m\u00e5nga g\u00e5nger uppfattas som torr, speciellt vid [&hellip;]<\/p>\n","protected":false},"author":1,"featured_media":0,"parent":67,"menu_order":0,"comment_status":"closed","ping_status":"closed","template":"","meta":{"footnotes":""},"class_list":["post-69","page","type-page","status-publish","hentry"],"_links":{"self":[{"href":"https:\/\/www.ospreydc.se\/index.php?rest_route=\/wp\/v2\/pages\/69","targetHints":{"allow":["GET"]}}],"collection":[{"href":"https:\/\/www.ospreydc.se\/index.php?rest_route=\/wp\/v2\/pages"}],"about":[{"href":"https:\/\/www.ospreydc.se\/index.php?rest_route=\/wp\/v2\/types\/page"}],"author":[{"embeddable":true,"href":"https:\/\/www.ospreydc.se\/index.php?rest_route=\/wp\/v2\/users\/1"}],"replies":[{"embeddable":true,"href":"https:\/\/www.ospreydc.se\/index.php?rest_route=%2Fwp%2Fv2%2Fcomments&post=69"}],"version-history":[{"count":0,"href":"https:\/\/www.ospreydc.se\/index.php?rest_route=\/wp\/v2\/pages\/69\/revisions"}],"up":[{"embeddable":true,"href":"https:\/\/www.ospreydc.se\/index.php?rest_route=\/wp\/v2\/pages\/67"}],"wp:attachment":[{"href":"https:\/\/www.ospreydc.se\/index.php?rest_route=%2Fwp%2Fv2%2Fmedia&parent=69"}],"curies":[{"name":"wp","href":"https:\/\/api.w.org\/{rel}","templated":true}]}}