{"id":613,"date":"2022-01-12T10:22:35","date_gmt":"2022-01-12T09:22:35","guid":{"rendered":"https:\/\/www.ospreydc.se\/?page_id=613"},"modified":"2022-12-31T17:17:27","modified_gmt":"2022-12-31T16:17:27","slug":"huwa-san","status":"publish","type":"page","link":"https:\/\/www.ospreydc.se\/?page_id=613","title":{"rendered":"Huwa-San\u00a9"},"content":{"rendered":"\n<p><strong>Dekontaminering med torr \u00e5nga och desinfektionsmedlet Huwa-San<sup>\u00a9<\/sup><\/strong><\/p>\n\n\n\n<figure class=\"wp-block-image size-medium\"><a href=\"https:\/\/www.ospreydc.se\/wp-content\/uploads\/2022\/01\/Huwa-san-1030x895-1.png\"><img loading=\"lazy\" decoding=\"async\" width=\"300\" height=\"261\" src=\"https:\/\/www.ospreydc.se\/wp-content\/uploads\/2022\/01\/Huwa-san-1030x895-1-300x261.png\" alt=\"Desinfektionsmedel Huwa-San\" class=\"wp-image-619\" srcset=\"https:\/\/www.ospreydc.se\/wp-content\/uploads\/2022\/01\/Huwa-san-1030x895-1-300x261.png 300w, https:\/\/www.ospreydc.se\/wp-content\/uploads\/2022\/01\/Huwa-san-1030x895-1-1024x890.png 1024w, https:\/\/www.ospreydc.se\/wp-content\/uploads\/2022\/01\/Huwa-san-1030x895-1-768x667.png 768w, https:\/\/www.ospreydc.se\/wp-content\/uploads\/2022\/01\/Huwa-san-1030x895-1.png 1030w\" sizes=\"auto, (max-width: 300px) 100vw, 300px\" \/><\/a><\/figure>\n\n\n\n<p class=\"p2\">Dimmning med torr \u00e5nga \u00e4r en mycket effektiv process f\u00f6r djupreng\u00f6ring av alla typer av ytor, \u00e4ven de som \u00e4r allra mest sv\u00e5r\u00e5tkomliga.&nbsp;En fin torr dimma med medlet Huwa-San som \u00e4r ett godk\u00e4nt desinfektionsmedel inom EU t\u00e4cker man alla ytor med hj\u00e4lp av dimmning, vilket garanterar en fullst\u00e4ndig sanering av virus och bakterier.&nbsp;Tester visar att dimningstekniken med Huwa-San desinfektionsmedel \u00e4r mycket effektiv mot Coronavirus, Sars och andra smittsamma virus.<\/p>\n<p class=\"p2\">Dimman har en fuktniv\u00e5 p\u00e5 max fem procent och \u00e4r en s\u00e5 kallad \u201dtorr dimma\u201d, s\u00e5 den kan till och med anv\u00e4ndas p\u00e5 elektronik. Dimman d\u00f6dar inte bara luftburna virus utan behandlar \u00e4ven alla ytor d\u00e4r virus annars kan finnas kvar i flera dygn, ibland veckor, beroende p\u00e5 virustyp.<\/p>\n<p class=\"p2\">Med dimmning f\u00f6rdelas desinfektionsmedlet j\u00e4mt p\u00e5 alla ytor. Det inneb\u00e4r att man f\u00e5r en snabb och effektiv sterilisering. Den torra \u00e5ngan h\u00e4mtar desinfektionsmedlet Huwa-San i enhetens beh\u00e5llare och producerar en dimma av desinfektionsmedel.<\/p>\n<p class=\"p2\">Sars och Covid 19 \u00f6verf\u00f6rs oftast genom utandningsluft och ber\u00f6ring. Det finns tv\u00e5 prim\u00e4ra s\u00e4tt som viruset \u00f6verf\u00f6rs, person till person och via de virus som finns kvar p\u00e5 ytor, till exempel rostfria b\u00e4nkar och plastobjekt. Ytor som anv\u00e4nds ofta \u00e4r de st\u00f6rsta spridarna.<\/p>\n<p class=\"p2\">Huwa-San ers\u00e4tter klor i spabad och g\u00f6r rent i alla r\u00f6r.&nbsp;Huwa-San best\u00e5r av v\u00e4teperoxid som stabiliserats med silverjoner. Medlet inneh\u00e5ller inte alkohol, luktar inte och \u00e4r biologiskt nedbrytbart.<span class=\"Apple-converted-space\">&nbsp;<\/span><\/p>\n\n\n\n<div class=\"wp-block-file\"><a href=\"https:\/\/www.ospreydc.se\/wp-content\/uploads\/2022\/01\/Produktblad_HS_TR3_211109.pdf\">Produktblad_HS_TR3_211109<\/a><a href=\"https:\/\/www.ospreydc.se\/wp-content\/uploads\/2022\/01\/Produktblad_HS_TR3_211109.pdf\" class=\"wp-block-file__button\" download>Ladda ner<\/a><\/div>\n\n\n\n<div class=\"wp-block-file\"><a href=\"https:\/\/www.ospreydc.se\/wp-content\/uploads\/2022\/01\/Produktblad_Dekontaminering_211109.pdf\">Produktblad_Dekontaminering_211109<\/a><a href=\"https:\/\/www.ospreydc.se\/wp-content\/uploads\/2022\/01\/Produktblad_Dekontaminering_211109.pdf\" class=\"wp-block-file__button\" download>Ladda ner<\/a><\/div>\n\n\n\n<div class=\"wp-block-file\"><a href=\"http:\/\/www.ospreydc.se\/wp-content\/uploads\/2022\/01\/Produktblad_HS_Fogger_211109.pdf\">Produktblad_HS_Fogger_211109<\/a><a href=\"http:\/\/www.ospreydc.se\/wp-content\/uploads\/2022\/01\/Produktblad_HS_Fogger_211109.pdf\" class=\"wp-block-file__button\" download>Ladda ner<\/a><\/div>\n","protected":false},"excerpt":{"rendered":"<p>Dekontaminering med torr \u00e5nga och desinfektionsmedlet Huwa-San\u00a9<\/p>\n","protected":false},"author":2,"featured_media":0,"parent":0,"menu_order":0,"comment_status":"closed","ping_status":"closed","template":"","meta":{"footnotes":""},"class_list":["post-613","page","type-page","status-publish","hentry"],"_links":{"self":[{"href":"https:\/\/www.ospreydc.se\/index.php?rest_route=\/wp\/v2\/pages\/613","targetHints":{"allow":["GET"]}}],"collection":[{"href":"https:\/\/www.ospreydc.se\/index.php?rest_route=\/wp\/v2\/pages"}],"about":[{"href":"https:\/\/www.ospreydc.se\/index.php?rest_route=\/wp\/v2\/types\/page"}],"author":[{"embeddable":true,"href":"https:\/\/www.ospreydc.se\/index.php?rest_route=\/wp\/v2\/users\/2"}],"replies":[{"embeddable":true,"href":"https:\/\/www.ospreydc.se\/index.php?rest_route=%2Fwp%2Fv2%2Fcomments&post=613"}],"version-history":[{"count":0,"href":"https:\/\/www.ospreydc.se\/index.php?rest_route=\/wp\/v2\/pages\/613\/revisions"}],"wp:attachment":[{"href":"https:\/\/www.ospreydc.se\/index.php?rest_route=%2Fwp%2Fv2%2Fmedia&parent=613"}],"curies":[{"name":"wp","href":"https:\/\/api.w.org\/{rel}","templated":true}]}}