{"id":560,"date":"2021-04-13T11:48:43","date_gmt":"2021-04-13T09:48:43","guid":{"rendered":"https:\/\/www.ospreydc.se\/?page_id=560"},"modified":"2022-12-31T17:17:36","modified_gmt":"2022-12-31T16:17:36","slug":"covid-19-dekontaminering","status":"publish","type":"page","link":"https:\/\/www.ospreydc.se\/?page_id=560","title":{"rendered":"Dekontaminering av Covid-19"},"content":{"rendered":"\n<p>Coronavirus\/COVID-19<br>Coronavirus Dekontaminering<\/p>\n<p>Varf\u00f6r \u00e4r dimning effektivt f\u00f6r dekontaminering av Coronavirus \/ COVID -19 p\u00e5 ytor? Dimning med torr \u00e5nga \u00e4r en mycket effektiv process f\u00f6r djupreng\u00f6ring av sv\u00e5r\u00e5tkomliga utrymmen. Exempel p\u00e5 omr\u00e5den som har virus och bakterier \u00e4r sjukhus, offentliga och kommunala milj\u00f6er samt transportmedel.<\/p>\n<p>En fin \u201dtorr\u201d dimma sprider <em>Huwa-San\u00a9<\/em>, ett EN 14476-godk\u00e4nt desinfektionsmedel, som t\u00e4cker varje yta och garanterar en fullst\u00e4ndig sanering av rummet.<\/p>\n<p>Tester visar att dimnings-tekniken \u00e4r mycket effektiv mot Coronavirus \/ COVID-19 och andra virus. SARS-CoV-2 \u00f6verf\u00f6rs mestadels genom utandningsluft och ber\u00f6ring, och det finns tv\u00e5 prim\u00e4ra s\u00e4tt som viruset \u00f6verf\u00f6rs, person-till-person och via virus som finns kvar p\u00e5 ytor. Ofta anv\u00e4nda ytor \u00e4r de st\u00f6rsta spridarna av Coronavirus, och om det beter sig som andra k\u00e4nda virus kan det finnas kvar p\u00e5 dessa ytor i flera veckor.<\/p>\n<p>Dimnings-applikationen skapar en fin dimma av finf\u00f6rdelat desinfektionsmedel med bevisad effektivitet mot Coronavirus. Dimnings-enheten f\u00f6rdelar desinfektionsmedlet j\u00e4mnt p\u00e5 alla ytor, inklusive sv\u00e5r\u00e5tkomliga omr\u00e5den. Detta d\u00f6dar inte bara luftburna patogener utan d\u00f6dar \u00e4ven p\u00e5 alla ytor som har blivit behandlade med dimma inklusive de som inte n\u00e5s med konventionella reng\u00f6ringsmetoder. Spridningshastigheten och styrka hos steriliseringsmedel kan justeras med \u00e5ngtrycket. Denna metod m\u00f6jligg\u00f6r kostnadseffektiv sterilisering av stora och sm\u00e5 ytor snabbt, effektivt och noggrant.<\/p>\n<p>V\u00e5rt DeCon-system fungerar enligt f\u00f6ljande:<br>En b\u00e4rbar enhet som kombinerar ett kraftfullt \u00e5ngreng\u00f6ringsmedel med en f\u00e4stanordning (De-Con-enhet) som<br>inneh\u00e5ller desinfektionsmedel f\u00f6r att generera torr \u00e5nga. Torr \u00e5nga definieras som \u00e5nga med en fuktniv\u00e5 \u2264 5%.<br>De-Con enheten fylls med l\u00e4mplig koncentration desinfektionsmedel och ansluts till den b\u00e4rbara enheten. Den torra \u00e5ngan h\u00e4mtar desinfektionsmedlet fr\u00e5n De-Con enhetens k\u00e4rl och producerar en dimma av desinfektionsmedel. Dimman som sprids \u00e4r s\u00e5 kallad torr (\u22645% fuktniv\u00e5) och kan anv\u00e4ndas p\u00e5 elektronik. L\u00e4tt att anv\u00e4nda, rikta dimmunstycket mot \u00f6nskad yta spraya, torka vid behov, full desinfektionseffekt efter 10 minuter. De-Con enheten anv\u00e4nds tillsammans med Huwa-San desinfektionsmedel.<\/p>\n","protected":false},"excerpt":{"rendered":"","protected":false},"author":2,"featured_media":0,"parent":0,"menu_order":0,"comment_status":"closed","ping_status":"closed","template":"","meta":{"footnotes":""},"class_list":["post-560","page","type-page","status-publish","hentry"],"_links":{"self":[{"href":"https:\/\/www.ospreydc.se\/index.php?rest_route=\/wp\/v2\/pages\/560","targetHints":{"allow":["GET"]}}],"collection":[{"href":"https:\/\/www.ospreydc.se\/index.php?rest_route=\/wp\/v2\/pages"}],"about":[{"href":"https:\/\/www.ospreydc.se\/index.php?rest_route=\/wp\/v2\/types\/page"}],"author":[{"embeddable":true,"href":"https:\/\/www.ospreydc.se\/index.php?rest_route=\/wp\/v2\/users\/2"}],"replies":[{"embeddable":true,"href":"https:\/\/www.ospreydc.se\/index.php?rest_route=%2Fwp%2Fv2%2Fcomments&post=560"}],"version-history":[{"count":0,"href":"https:\/\/www.ospreydc.se\/index.php?rest_route=\/wp\/v2\/pages\/560\/revisions"}],"wp:attachment":[{"href":"https:\/\/www.ospreydc.se\/index.php?rest_route=%2Fwp%2Fv2%2Fmedia&parent=560"}],"curies":[{"name":"wp","href":"https:\/\/api.w.org\/{rel}","templated":true}]}}