{"id":21,"date":"2012-11-15T21:41:54","date_gmt":"2012-11-15T20:41:54","guid":{"rendered":"http:\/\/ospreydc.se\/?page_id=21"},"modified":"2025-07-22T15:36:51","modified_gmt":"2025-07-22T13:36:51","slug":"kontakta-oss","status":"publish","type":"page","link":"https:\/\/www.ospreydc.se\/?page_id=21","title":{"rendered":"Kontakta oss"},"content":{"rendered":"<div data-colibri-id=\"21-c1\" class=\"style-334 style-local-21-c1 position-relative\">\n  <!---->\n  <div data-colibri-component=\"section\" data-colibri-id=\"21-c13\" id=\"team\" class=\"h-section h-section-global-spacing d-flex align-items-lg-center align-items-md-center align-items-center style-858 style-local-21-c13 position-relative\">\n    <!---->\n    <!---->\n    <div class=\"h-section-grid-container h-section-boxed-container\">\n      <div data-colibri-id=\"21-c43\" class=\"h-row-container gutters-row-lg-2 gutters-row-md-2 gutters-row-2 gutters-row-v-lg-2 gutters-row-v-md-2 gutters-row-v-2 style-870 style-local-21-c43 position-relative\">\n        <!---->\n        <div class=\"h-row justify-content-lg-center justify-content-md-center justify-content-center align-items-lg-stretch align-items-md-stretch align-items-stretch gutters-col-lg-2 gutters-col-md-2 gutters-col-2 gutters-col-v-lg-2 gutters-col-v-md-2 gutters-col-v-2\">\n          <!---->\n          <div class=\"h-column h-column-container d-flex h-col-lg-auto h-col-md-auto h-col-auto style-871-outer style-local-21-c44-outer\">\n            <div data-colibri-id=\"21-c44\" class=\"d-flex h-flex-basis h-column__inner h-px-lg-2 h-px-md-2 h-px-2 v-inner-lg-2 v-inner-md-2 v-inner-2 style-871 style-local-21-c44 position-relative\">\n              <!---->\n              <!---->\n              <div class=\"w-100 h-y-container h-column__content h-column__v-align flex-basis-100 align-self-lg-start align-self-md-start align-self-start\">\n                <!---->\n                <div data-colibri-id=\"21-c45\" class=\"h-global-transition-all h-heading style-872 style-local-21-c45 position-relative h-element\">\n                  <!---->\n                  <div class=\"h-heading__outer style-872 style-local-21-c45\">\n                    <!---->\n                    <!---->\n                    <h2 class=\"\">Vi p\u00e5 OspreyDeepClean Sverige<\/h2>\n                  <\/div>\n                <\/div>\n              <\/div>\n            <\/div>\n          <\/div>\n        <\/div>\n      <\/div>\n      <div data-colibri-id=\"21-c14\" class=\"h-row-container gutters-row-lg-2 gutters-row-md-2 gutters-row-2 gutters-row-v-lg-2 gutters-row-v-md-2 gutters-row-v-2 style-859 style-local-21-c14 position-relative\">\n        <!---->\n        <div class=\"h-row justify-content-lg-center justify-content-md-center justify-content-center align-items-lg-stretch align-items-md-stretch align-items-stretch gutters-col-lg-2 gutters-col-md-2 gutters-col-2 gutters-col-v-lg-2 gutters-col-v-md-2 gutters-col-v-2\">\n          <!---->\n          <div class=\"h-column h-column-container d-flex h-col-lg-3 h-col-md-6 h-col-12 style-860-outer style-local-21-c15-outer\">\n            <div data-colibri-id=\"21-c15\" class=\"d-flex h-flex-basis h-column__inner h-px-lg-0 h-px-md-0 h-px-0 v-inner-lg-0 v-inner-md-0 v-inner-0 style-860 style-local-21-c15 position-relative\">\n              <!---->\n              <!---->\n              <div class=\"w-100 h-y-container h-column__content h-column__v-align flex-basis-100 align-self-lg-start align-self-md-start align-self-start\">\n                <!---->\n                <div data-colibri-id=\"21-c16\" class=\"d-block style-861 style-local-21-c16 position-relative h-element\">\n                  <!---->\n                  <div class=\"h-image__frame-container-outer\">\n                    <div class=\"h-image__frame-container\">\n                      <!---->\n                      <!---->\n                      <img loading=\"lazy\" decoding=\"async\" width=\"1918\" height=\"1920\" src=\"http:\/\/www.ospreydc.se\/wp-content\/uploads\/2025\/07\/cropped-Marianne-scaled-1.jpg\" class=\"wp-image-1208 style-861-image style-local-21-c16-image\" alt=\"\" srcset=\"https:\/\/www.ospreydc.se\/wp-content\/uploads\/2025\/07\/cropped-Marianne-scaled-1.jpg 1918w, https:\/\/www.ospreydc.se\/wp-content\/uploads\/2025\/07\/cropped-Marianne-scaled-1-300x300.jpg 300w, https:\/\/www.ospreydc.se\/wp-content\/uploads\/2025\/07\/cropped-Marianne-scaled-1-1024x1024.jpg 1024w, https:\/\/www.ospreydc.se\/wp-content\/uploads\/2025\/07\/cropped-Marianne-scaled-1-150x150.jpg 150w, https:\/\/www.ospreydc.se\/wp-content\/uploads\/2025\/07\/cropped-Marianne-scaled-1-768x769.jpg 768w, https:\/\/www.ospreydc.se\/wp-content\/uploads\/2025\/07\/cropped-Marianne-scaled-1-1534x1536.jpg 1534w\" sizes=\"auto, (max-width: 1918px) 100vw, 1918px\" \/>\n                      <div class=\"h-image__frame h-hide-lg h-hide-md h-hide-sm style-861-frameImage style-local-21-c16-frameImage\"><\/div>\n                    <\/div>\n                  <\/div>\n                <\/div>\n                <div data-colibri-id=\"21-c17\" class=\"h-row-container gutters-row-lg-0 gutters-row-md-0 gutters-row-0 gutters-row-v-lg-0 gutters-row-v-md-0 gutters-row-v-0 style-862 style-local-21-c17 position-relative\">\n                  <!---->\n                  <div class=\"h-row justify-content-lg-center justify-content-md-center justify-content-center align-items-lg-stretch align-items-md-stretch align-items-stretch gutters-col-lg-0 gutters-col-md-0 gutters-col-0 gutters-col-v-lg-0 gutters-col-v-md-0 gutters-col-v-0\">\n                    <!---->\n                    <div class=\"h-column h-column-container d-flex h-col-lg-auto h-col-md-auto h-col-auto style-863-outer style-local-21-c18-outer\">\n                      <div data-colibri-id=\"21-c18\" class=\"d-flex h-flex-basis h-column__inner h-px-lg-2 h-px-md-2 h-px-2 v-inner-lg-2 v-inner-md-2 v-inner-2 style-863 style-local-21-c18 position-relative\">\n                        <!---->\n                        <!---->\n                        <div class=\"w-100 h-y-container h-column__content h-column__v-align flex-basis-100 align-self-lg-start align-self-md-start align-self-start\">\n                          <!---->\n                          <div data-colibri-id=\"21-c19\" class=\"h-global-transition-all h-heading style-864 style-local-21-c19 position-relative h-element\">\n                            <!---->\n                            <div class=\"h-heading__outer style-864 style-local-21-c19\">\n                              <!---->\n                              <!---->\n                              <h4 class=\"\">Marianne Lindel\u00f6f<\/h4>\n                            <\/div>\n                          <\/div>\n                          <div data-colibri-id=\"21-c20\" class=\"h-text h-text-component style-865 style-local-21-c20 position-relative h-element\">\n                            <!---->\n                            <!---->\n                            <div class=\"\">\n                              <p>S\u00e4ljare\/Vd<\/p>\n                            <\/div>\n                          <\/div>\n                          <div data-colibri-id=\"21-c21\" class=\"style-866 style-local-21-c21 position-relative h-element\">\n                            <!---->\n                            <div class=\"d-flex flex-wrap h-social-icons justify-content-lg-center justify-content-md-center justify-content-center\">\n                              <div class=\"social-icon-container d-inline-flex\">\n                                <a href=\"callto:+46768088900\" h-use-smooth-scroll=\"true\">\n                                  <div class=\"icon-container h-social-icon h-global-transition\">\n                                    <div class=\"h-icon-svg\" style=\"width: 100%; height: 100%;\">\n                                      <!--Icon by Font Awesome (https:\/\/fontawesome.com)-->\n                                      <svg version=\"1.1\" xmlns=\"http:\/\/www.w3.org\/2000\/svg\" xmlns:xlink=\"http:\/\/www.w3.org\/1999\/xlink\" id=\"phone-square\" viewBox=\"0 0 1536 1896.0833\">\n                                        <path d=\"M1280 1193q0-11-2-16t-18-16.5-40.5-25-47.5-26.5-45.5-25-28.5-15q-5-3-19-13t-25-15-21-5q-15 0-36.5 20.5t-39.5 45-38.5 45T885 1167q-7 0-16.5-3.5T853 1157t-17-9.5-14-8.5q-99-55-170-126.5T525 842q-2-3-8.5-14t-9.5-17-6.5-15.5T497 779q0-13 20.5-33.5t45-38.5 45-39.5T628 631q0-10-5-21t-15-25-13-19q-3-6-15-28.5T555 492t-26.5-47.5-25-40.5-16.5-18-16-2q-48 0-101 22-46 21-80 94.5T256 631q0 16 2.5 34t5 30.5 9 33 10 29.5 12.5 33 11 30q60 164 216.5 320.5T843 1358q6 2 30 11t33 12.5 29.5 10 33 9 30.5 5 34 2.5q57 0 130.5-34t94.5-80q22-53 22-101zm256-777v960q0 119-84.5 203.5T1248 1664H288q-119 0-203.5-84.5T0 1376V416q0-119 84.5-203.5T288 128h960q119 0 203.5 84.5T1536 416z\"><\/path>\n                                      <\/svg>\n                                    <\/div>\n                                  <\/div>\n                                <\/a>\n                              <\/div>\n                              <div class=\"social-icon-container d-inline-flex\">\n                                <a href=\"mailto:marianne@ospreydc.se\" h-use-smooth-scroll=\"true\">\n                                  <div class=\"icon-container h-social-icon h-global-transition\">\n                                    <div class=\"h-icon-svg\" style=\"width: 100%; height: 100%;\">\n                                      <!--Icon by Font Awesome (https:\/\/fontawesome.com)-->\n                                      <svg version=\"1.1\" xmlns=\"http:\/\/www.w3.org\/2000\/svg\" xmlns:xlink=\"http:\/\/www.w3.org\/1999\/xlink\" id=\"envelope\" viewBox=\"0 0 1792 1896.0833\">\n                                        <path d=\"M1792 710v794q0 66-47 113t-113 47H160q-66 0-113-47T0 1504V710q44 49 101 87 362 246 497 345 57 42 92.5 65.5t94.5 48 110 24.5h2q51 0 110-24.5t94.5-48 92.5-65.5q170-123 498-345 57-39 100-87zm0-294q0 79-49 151t-122 123q-376 261-468 325-10 7-42.5 30.5t-54 38-52 32.5-57.5 27-50 9h-2q-23 0-50-9t-57.5-27-52-32.5-54-38T639 1015q-91-64-262-182.5T172 690q-62-42-117-115.5T0 438q0-78 41.5-130T160 256h1472q65 0 112.5 47t47.5 113z\"><\/path>\n                                      <\/svg>\n                                    <\/div>\n                                  <\/div>\n                                <\/a>\n                              <\/div>\n                            <\/div>\n                          <\/div>\n                        <\/div>\n                      <\/div>\n                    <\/div>\n                  <\/div>\n                <\/div>\n              <\/div>\n            <\/div>\n          <\/div>\n          <div class=\"h-column h-column-container d-flex h-col-lg-3 h-col-md-6 h-col-12 style-860-outer style-local-21-c22-outer\">\n            <div data-colibri-id=\"21-c22\" class=\"d-flex h-flex-basis h-column__inner h-px-lg-0 h-px-md-0 h-px-0 v-inner-lg-0 v-inner-md-0 v-inner-0 style-860 style-local-21-c22 position-relative\">\n              <!---->\n              <!---->\n              <div class=\"w-100 h-y-container h-column__content h-column__v-align flex-basis-100 align-self-lg-start align-self-md-start align-self-start\">\n                <!---->\n                <div data-colibri-id=\"21-c23\" class=\"d-block style-861 style-local-21-c23 position-relative h-element\">\n                  <!---->\n                  <div class=\"h-image__frame-container-outer\">\n                    <div class=\"h-image__frame-container\">\n                      <!---->\n                      <!---->\n                      <img loading=\"lazy\" decoding=\"async\" width=\"1920\" height=\"1920\" src=\"http:\/\/www.ospreydc.se\/wp-content\/uploads\/2025\/07\/cropped-Bild-1-scaled-1.jpg\" class=\"wp-image-1205 style-861-image style-local-21-c23-image\" alt=\"\" srcset=\"https:\/\/www.ospreydc.se\/wp-content\/uploads\/2025\/07\/cropped-Bild-1-scaled-1.jpg 1920w, https:\/\/www.ospreydc.se\/wp-content\/uploads\/2025\/07\/cropped-Bild-1-scaled-1-300x300.jpg 300w, https:\/\/www.ospreydc.se\/wp-content\/uploads\/2025\/07\/cropped-Bild-1-scaled-1-1024x1024.jpg 1024w, https:\/\/www.ospreydc.se\/wp-content\/uploads\/2025\/07\/cropped-Bild-1-scaled-1-150x150.jpg 150w, https:\/\/www.ospreydc.se\/wp-content\/uploads\/2025\/07\/cropped-Bild-1-scaled-1-768x768.jpg 768w, https:\/\/www.ospreydc.se\/wp-content\/uploads\/2025\/07\/cropped-Bild-1-scaled-1-1536x1536.jpg 1536w\" sizes=\"auto, (max-width: 1920px) 100vw, 1920px\" \/>\n                      <div class=\"h-image__frame h-hide-lg h-hide-md h-hide-sm style-861-frameImage style-local-21-c23-frameImage\"><\/div>\n                    <\/div>\n                  <\/div>\n                <\/div>\n                <div data-colibri-id=\"21-c24\" class=\"h-row-container gutters-row-lg-0 gutters-row-md-0 gutters-row-0 gutters-row-v-lg-0 gutters-row-v-md-0 gutters-row-v-0 style-862 style-local-21-c24 position-relative\">\n                  <!---->\n                  <div class=\"h-row justify-content-lg-center justify-content-md-center justify-content-center align-items-lg-stretch align-items-md-stretch align-items-stretch gutters-col-lg-0 gutters-col-md-0 gutters-col-0 gutters-col-v-lg-0 gutters-col-v-md-0 gutters-col-v-0\">\n                    <!---->\n                    <div class=\"h-column h-column-container d-flex h-col-lg-auto h-col-md-auto h-col-auto style-863-outer style-local-21-c25-outer\">\n                      <div data-colibri-id=\"21-c25\" class=\"d-flex h-flex-basis h-column__inner h-px-lg-2 h-px-md-2 h-px-2 v-inner-lg-2 v-inner-md-2 v-inner-2 style-863 style-local-21-c25 position-relative\">\n                        <!---->\n                        <!---->\n                        <div class=\"w-100 h-y-container h-column__content h-column__v-align flex-basis-100 align-self-lg-start align-self-md-start align-self-start\">\n                          <!---->\n                          <div data-colibri-id=\"21-c26\" class=\"h-global-transition-all h-heading style-864 style-local-21-c26 position-relative h-element\">\n                            <!---->\n                            <div class=\"h-heading__outer style-864 style-local-21-c26\">\n                              <!---->\n                              <!---->\n                              <h4 class=\"\">Robin Svartstr\u00f6m<\/h4>\n                            <\/div>\n                          <\/div>\n                          <div data-colibri-id=\"21-c27\" class=\"h-text h-text-component style-865 style-local-21-c27 position-relative h-element\">\n                            <!---->\n                            <!---->\n                            <div class=\"\">\n                              <p>S\u00e4ljare<\/p>\n                            <\/div>\n                          <\/div>\n                          <div data-colibri-id=\"21-c28\" class=\"style-867 style-local-21-c28 position-relative h-element\">\n                            <!---->\n                            <div class=\"d-flex flex-wrap h-social-icons justify-content-lg-center justify-content-md-center justify-content-center\">\n                              <div class=\"social-icon-container d-inline-flex\">\n                                <a href=\"callto:+46703009535\" h-use-smooth-scroll=\"true\">\n                                  <div class=\"icon-container h-social-icon h-global-transition\">\n                                    <div class=\"h-icon-svg\" style=\"width: 100%; height: 100%;\">\n                                      <!--Icon by Font Awesome (https:\/\/fontawesome.com)-->\n                                      <svg version=\"1.1\" xmlns=\"http:\/\/www.w3.org\/2000\/svg\" xmlns:xlink=\"http:\/\/www.w3.org\/1999\/xlink\" id=\"phone-square\" viewBox=\"0 0 1536 1896.0833\">\n                                        <path d=\"M1280 1193q0-11-2-16t-18-16.5-40.5-25-47.5-26.5-45.5-25-28.5-15q-5-3-19-13t-25-15-21-5q-15 0-36.5 20.5t-39.5 45-38.5 45T885 1167q-7 0-16.5-3.5T853 1157t-17-9.5-14-8.5q-99-55-170-126.5T525 842q-2-3-8.5-14t-9.5-17-6.5-15.5T497 779q0-13 20.5-33.5t45-38.5 45-39.5T628 631q0-10-5-21t-15-25-13-19q-3-6-15-28.5T555 492t-26.5-47.5-25-40.5-16.5-18-16-2q-48 0-101 22-46 21-80 94.5T256 631q0 16 2.5 34t5 30.5 9 33 10 29.5 12.5 33 11 30q60 164 216.5 320.5T843 1358q6 2 30 11t33 12.5 29.5 10 33 9 30.5 5 34 2.5q57 0 130.5-34t94.5-80q22-53 22-101zm256-777v960q0 119-84.5 203.5T1248 1664H288q-119 0-203.5-84.5T0 1376V416q0-119 84.5-203.5T288 128h960q119 0 203.5 84.5T1536 416z\"><\/path>\n                                      <\/svg>\n                                    <\/div>\n                                  <\/div>\n                                <\/a>\n                              <\/div>\n                              <div class=\"social-icon-container d-inline-flex\">\n                                <a href=\"https:\/\/www.linkedin.com\/in\/robin-svartstr%C3%B6m-bb0294bb\/\" h-use-smooth-scroll=\"true\">\n                                  <div class=\"icon-container h-social-icon h-global-transition\">\n                                    <div class=\"h-icon-svg\" style=\"width: 100%; height: 100%;\">\n                                      <!--Icon by Socicon (http:\/\/www.socicon.com)-->\n                                      <svg version=\"1.1\" xmlns=\"http:\/\/www.w3.org\/2000\/svg\" viewBox=\"0 0 1500 1500\">\n\n                                        <path d=\"M1122.070 767.578c-20.508-23.438-55.664-35.156-105.469-35.156-64.453 0-108.398 20.508-134.766 55.664-26.367 38.086-38.086 90.82-38.086 158.203v512.695c0 8.789-2.93 17.578-11.719 26.367-5.859 5.859-17.578 11.719-26.367 11.719h-269.531c-8.789 0-17.578-5.859-26.367-11.719-5.859-8.789-11.719-17.578-11.719-26.367v-946.289c0-8.789 5.859-17.578 11.719-26.367 8.789-5.859 17.578-11.719 26.367-11.719h260.742c8.789 0 17.578 2.93 23.438 5.859s8.789 11.719 11.719 20.508c0 8.789 2.93 17.578 2.93 20.508s0 11.719 0 23.438c67.383-64.453 158.203-93.75 266.602-93.75 125.977 0 222.656 29.297 292.969 90.82 70.313 64.453 105.469 155.273 105.469 278.32v638.672c0 8.789-2.93 17.578-11.719 26.367-5.859 5.859-17.578 11.719-26.367 11.719h-275.391c-8.789 0-17.578-5.859-26.367-11.719-5.859-8.789-11.719-17.578-11.719-26.367v-577.148c0-49.805-8.789-87.891-26.367-114.258zM310.547 313.477c-35.156 35.156-79.102 52.734-128.906 52.734s-93.75-17.578-128.906-52.734c-35.156-35.156-52.734-76.172-52.734-128.906 0-49.805 17.578-90.82 52.734-125.977s79.102-55.664 128.906-55.664c49.805 0 93.75 20.508 128.906 55.664s52.734 76.172 52.734 125.977c0 52.734-17.578 93.75-52.734 128.906zM354.492 512.695v946.289c0 8.789-5.859 17.578-11.719 26.367-8.789 5.859-17.578 11.719-26.367 11.719h-269.531c-8.789 0-17.578-5.859-26.367-11.719-5.859-8.789-11.719-17.578-11.719-26.367v-946.289c0-8.789 5.859-17.578 11.719-26.367 8.789-5.859 17.578-11.719 26.367-11.719h269.531c8.789 0 17.578 5.859 26.367 11.719 5.859 8.789 11.719 17.578 11.719 26.367z\"><\/path>\n                                      <\/svg>\n                                    <\/div>\n                                  <\/div>\n                                <\/a>\n                              <\/div>\n                              <div class=\"social-icon-container d-inline-flex\">\n                                <a href=\"mailto:robin@ospreydc.se\" h-use-smooth-scroll=\"true\">\n                                  <div class=\"icon-container h-social-icon h-global-transition\">\n                                    <div class=\"h-icon-svg\" style=\"width: 100%; height: 100%;\">\n                                      <!--Icon by Font Awesome (https:\/\/fontawesome.com)-->\n                                      <svg version=\"1.1\" xmlns=\"http:\/\/www.w3.org\/2000\/svg\" xmlns:xlink=\"http:\/\/www.w3.org\/1999\/xlink\" id=\"envelope\" viewBox=\"0 0 1792 1896.0833\">\n                                        <path d=\"M1792 710v794q0 66-47 113t-113 47H160q-66 0-113-47T0 1504V710q44 49 101 87 362 246 497 345 57 42 92.5 65.5t94.5 48 110 24.5h2q51 0 110-24.5t94.5-48 92.5-65.5q170-123 498-345 57-39 100-87zm0-294q0 79-49 151t-122 123q-376 261-468 325-10 7-42.5 30.5t-54 38-52 32.5-57.5 27-50 9h-2q-23 0-50-9t-57.5-27-52-32.5-54-38T639 1015q-91-64-262-182.5T172 690q-62-42-117-115.5T0 438q0-78 41.5-130T160 256h1472q65 0 112.5 47t47.5 113z\"><\/path>\n                                      <\/svg>\n                                    <\/div>\n                                  <\/div>\n                                <\/a>\n                              <\/div>\n                            <\/div>\n                          <\/div>\n                        <\/div>\n                      <\/div>\n                    <\/div>\n                  <\/div>\n                <\/div>\n              <\/div>\n            <\/div>\n          <\/div>\n        <\/div>\n      <\/div>\n    <\/div>\n  <\/div>\n<\/div>","protected":false},"excerpt":{"rendered":"<p>Vi p\u00e5 OspreyDeepClean Sverige Marianne Lindel\u00f6f S\u00e4ljare\/Vd Robin Svartstr\u00f6m S\u00e4ljare<\/p>\n","protected":false},"author":1,"featured_media":0,"parent":0,"menu_order":6,"comment_status":"closed","ping_status":"closed","template":"page-templates\/full-width-page.php","meta":{"footnotes":""},"class_list":["post-21","page","type-page","status-publish","hentry"],"_links":{"self":[{"href":"https:\/\/www.ospreydc.se\/index.php?rest_route=\/wp\/v2\/pages\/21","targetHints":{"allow":["GET"]}}],"collection":[{"href":"https:\/\/www.ospreydc.se\/index.php?rest_route=\/wp\/v2\/pages"}],"about":[{"href":"https:\/\/www.ospreydc.se\/index.php?rest_route=\/wp\/v2\/types\/page"}],"author":[{"embeddable":true,"href":"https:\/\/www.ospreydc.se\/index.php?rest_route=\/wp\/v2\/users\/1"}],"replies":[{"embeddable":true,"href":"https:\/\/www.ospreydc.se\/index.php?rest_route=%2Fwp%2Fv2%2Fcomments&post=21"}],"version-history":[{"count":12,"href":"https:\/\/www.ospreydc.se\/index.php?rest_route=\/wp\/v2\/pages\/21\/revisions"}],"predecessor-version":[{"id":1210,"href":"https:\/\/www.ospreydc.se\/index.php?rest_route=\/wp\/v2\/pages\/21\/revisions\/1210"}],"wp:attachment":[{"href":"https:\/\/www.ospreydc.se\/index.php?rest_route=%2Fwp%2Fv2%2Fmedia&parent=21"}],"curies":[{"name":"wp","href":"https:\/\/api.w.org\/{rel}","templated":true}]}}