{"id":105,"date":"2012-11-15T22:50:47","date_gmt":"2012-11-15T21:50:47","guid":{"rendered":"http:\/\/ospreydc.se\/?page_id=105"},"modified":"2022-12-31T17:16:54","modified_gmt":"2022-12-31T16:16:54","slug":"industri","status":"publish","type":"page","link":"https:\/\/www.ospreydc.se\/?page_id=105","title":{"rendered":"Industri"},"content":{"rendered":"<h5>Kraften av \u00e5nga<\/h5>\n<p>Torr \u00e5nga som genereras under tryck till temperaturer upp till 185 \u2070 C l\u00f6ser fett, d\u00f6dar bakterier p\u00e5 ett \u00f6gonblick och saniterar varje yta. Det tr\u00e4nger ned i sprickor, springor och andra sv\u00e5r\u00e5tkomliga omr\u00e5den d\u00e4r manuell reng\u00f6ring med potentiellt farliga kemikalier misslyckas att uppn\u00e5 ett godtyckligt resultat.<\/p>\n<h5>Grovreng\u00f6ring<\/h5>\n<p>V\u00e5rt industriella sortiment har speciellt utformade reng\u00f6ringsprogram som m\u00f6ter kraven fr\u00e5n industriella anv\u00e4ndare. Dessa maskiner ger en djupreng\u00f6ring varsomhelst och n\u00e4rsomhelst det beh\u00f6vs. Dessa maskiner har en arbetstemperatur omkring 140 till 185\u2070 C och ett tryck mellan 4 och 10 bar. Konventionell manuell reng\u00f6ring utf\u00f6rs med potentiellt farliga kemikalier som inte uppn\u00e5r de standarder som kr\u00e4vs. Torr \u00e5nga ger o\u00f6vertr\u00e4ffad reng\u00f6ring med minimal stillest\u00e5nds tid.<\/p>\n<h5>Effektivare&nbsp;reng\u00f6ring<\/h5>\n<p>Att uppn\u00e5 h\u00f6gre volymer av \u00e5nga ger snabbare reng\u00f6ring. V\u00e5ra maskiner genererar mellan 150 liter och 500 liter \u00e5ngvolym per minut, vilket resulterar i snabba arbeten \u00e4ven vid ingrodd smuts och sp\u00e5n-lastad fett. Som tillval finns ett speciellt framtaget reng\u00f6ringsmedel som klarar de h\u00f6ga temperaturerna samt \u00e4r 100 % milj\u00f6v\u00e4nligt f\u00f6r snabbare borttagning av ingrodd smuts fr\u00e5n kraftigt nedsmutsade omr\u00e5den. Alla modeller \u00e4r utformade med automatiskt p\u00e5fyllningssystem f\u00f6r kontinuerlig drift och kan f\u00f6rses med kontinuerlig vattenp\u00e5fyllning.<\/p>\n","protected":false},"excerpt":{"rendered":"<p>Kraften av \u00e5nga Torr \u00e5nga som genereras under tryck till temperaturer upp till 185 \u2070 C l\u00f6ser fett, d\u00f6dar bakterier p\u00e5 ett \u00f6gonblick och saniterar varje yta. Det tr\u00e4nger ned i sprickor, springor och andra sv\u00e5r\u00e5tkomliga omr\u00e5den d\u00e4r manuell reng\u00f6ring med potentiellt farliga kemikalier misslyckas att uppn\u00e5 ett godtyckligt resultat. Grovreng\u00f6ring V\u00e5rt industriella sortiment har [&hellip;]<\/p>\n","protected":false},"author":1,"featured_media":0,"parent":98,"menu_order":0,"comment_status":"closed","ping_status":"closed","template":"","meta":{"footnotes":""},"class_list":["post-105","page","type-page","status-publish","hentry"],"_links":{"self":[{"href":"https:\/\/www.ospreydc.se\/index.php?rest_route=\/wp\/v2\/pages\/105","targetHints":{"allow":["GET"]}}],"collection":[{"href":"https:\/\/www.ospreydc.se\/index.php?rest_route=\/wp\/v2\/pages"}],"about":[{"href":"https:\/\/www.ospreydc.se\/index.php?rest_route=\/wp\/v2\/types\/page"}],"author":[{"embeddable":true,"href":"https:\/\/www.ospreydc.se\/index.php?rest_route=\/wp\/v2\/users\/1"}],"replies":[{"embeddable":true,"href":"https:\/\/www.ospreydc.se\/index.php?rest_route=%2Fwp%2Fv2%2Fcomments&post=105"}],"version-history":[{"count":0,"href":"https:\/\/www.ospreydc.se\/index.php?rest_route=\/wp\/v2\/pages\/105\/revisions"}],"up":[{"embeddable":true,"href":"https:\/\/www.ospreydc.se\/index.php?rest_route=\/wp\/v2\/pages\/98"}],"wp:attachment":[{"href":"https:\/\/www.ospreydc.se\/index.php?rest_route=%2Fwp%2Fv2%2Fmedia&parent=105"}],"curies":[{"name":"wp","href":"https:\/\/api.w.org\/{rel}","templated":true}]}}