{"id":100,"date":"2012-11-15T22:49:51","date_gmt":"2012-11-15T21:49:51","guid":{"rendered":"http:\/\/ospreydc.se\/?page_id=100"},"modified":"2022-12-31T17:16:41","modified_gmt":"2022-12-31T16:16:41","slug":"vardsektorn","status":"publish","type":"page","link":"https:\/\/www.ospreydc.se\/?page_id=100","title":{"rendered":"V\u00e5rdsektorn"},"content":{"rendered":"<h4>Infektionsbek\u00e4mpning<\/h4>\n<p><strong>Dagens v\u00e5rdmilj\u00f6<\/strong><br \/>\nV\u00e5rdhygien och kampen mot MRSA och s\u00e5 kallade \u201dsuperbakterier\u201d \u00e4r&nbsp;ett stort problem inom dagens sjukv\u00e5rd.<\/p>\n<p><strong>Oberoende vetenskapliga studier<\/strong><br \/>\nV\u00e5r \u00e5ngteknik har varit f\u00f6rem\u00e5l f\u00f6r oberoende och vetenskapliga studier genomf\u00f6rda av University College London Hospitals, NHS Foundation Trust (UCLH), Institutionen f\u00f6r mikrobiologi. H\u00e4r har de unders\u00f6kt reng\u00f6ringseffektiviteten hos OSPREY DEEPCLEAN produkterna, vid sanering av utrustning som haft patientkontakt (s\u00e4ng, bord, stolar, behandling vagnar, etc.) och v\u00e5rdmilj\u00f6n (v\u00e4ggar, golv, d\u00f6rrar etc.). Testerna har omfattat de stora organismerna i samband med h\u00e4lso-och sjukv\u00e5rd f\u00f6rv\u00e4rvad infektion (HAI), inklusive MRSA, Acinetobacter, Klebsiella och C. difficile sporer.<br \/>\nEfter reng\u00f6ring med \u00e5nga har mikrobiologiska tester inte kunnat \u00e5terh\u00e4mta organismer fr\u00e5n provytorna eller omgivande omr\u00e5den,&nbsp;vilket visar att&nbsp;\u00e5ngsanering&nbsp;\u00e4r oerh\u00f6rt effektivt.<\/p>\n<blockquote><p>\u201cSlutsatsen \u00e4r att det OSPREY DEEPCLEAN Healthcare Cleaning System ger ett konsekvent och tillf\u00f6rlitligt verktyg som framg\u00e5ngsrikt kan integreras i reng\u00f6ring och infektionskontroll praxis, och rekommenderas f\u00f6r v\u00e5rdmilj\u00f6.&#8221;<br \/>\n&#8211; Mike Rollins, UCLH.&nbsp;Directorate\u2014Project Manager<\/p><\/blockquote>\n<ul>\n<li>F\u00f6rb\u00e4ttrade resultat<\/li>\n<li>Kraftigt f\u00f6rb\u00e4ttrad bakteried\u00f6dande effekt<\/li>\n<li>Bepr\u00f6vad och validerad effektiv mot bakterier<\/li>\n<li>Minskad anv\u00e4ndning av reng\u00f6ringsmedel<\/li>\n<li>Omfattande testprotokoll finns tillg\u00e4ngligt<\/li>\n<\/ul>\n<div class=\"boxes clearfix\">\n<div class=\"box three first\">\n<p style=\"text-align: center;\"><a href=\"http:\/\/ospreydc.se\/wp-content\/uploads\/2012\/11\/TNO-6-Page-Locked-Emailable-Copy.pdf\"><img loading=\"lazy\" decoding=\"async\" class=\"alignnone  wp-image-163\" title=\"Tryck h\u00e4r f\u00f6r att ladda ned PDF ang. testresultat\" src=\"http:\/\/ospreydc.se\/wp-content\/uploads\/2012\/11\/1353053370_hospital.png\" alt=\"\" width=\"80\" height=\"80\"><br \/>\n<\/a><a href=\"http:\/\/ospreydc.se\/wp-content\/uploads\/2012\/11\/TNO-6-Page-Locked-Emailable-Copy.pdf\">PDF med testresultat<\/a><\/p>\n<\/div>\n<div class=\"box three\" style=\"text-align: center;\"><a href=\"http:\/\/ospreydc.se\/wp-content\/uploads\/2012\/11\/Norwalk-Virus.pdf\"><img loading=\"lazy\" decoding=\"async\" class=\"alignnone  wp-image-163\" title=\"Tryck h\u00e4r f\u00f6r att ladda ned PDF ang. Norwalk Virus\" src=\"http:\/\/ospreydc.se\/wp-content\/uploads\/2012\/11\/1353053637_virus.png\" alt=\"\" width=\"80\" height=\"80\"><br \/>\nPDF med information f\u00f6r eliminering av Norwalk Virus<\/a><\/div>\n<div class=\"box three last\" style=\"text-align: center;\">\n<p><a href=\"http:\/\/ospreydc.se\/wp-content\/uploads\/2012\/11\/Healthcare-Presentation.ppt\"><img loading=\"lazy\" decoding=\"async\" class=\"wp-image-163\" title=\"Tryck h\u00e4r f\u00f6r att ladda ned PPT Presentation\" src=\"http:\/\/ospreydc.se\/wp-content\/uploads\/2012\/11\/1353053901_pptx_win.png\" alt=\"\" width=\"80\" height=\"80\"><br \/>\nPresentation f\u00f6r v\u00e5rdsektorn<\/a><\/p>\n<\/div>\n<\/div>\n","protected":false},"excerpt":{"rendered":"<p>Infektionsbek\u00e4mpning Dagens v\u00e5rdmilj\u00f6 V\u00e5rdhygien och kampen mot MRSA och s\u00e5 kallade \u201dsuperbakterier\u201d \u00e4r&nbsp;ett stort problem inom dagens sjukv\u00e5rd. Oberoende vetenskapliga studier V\u00e5r \u00e5ngteknik har varit f\u00f6rem\u00e5l f\u00f6r oberoende och vetenskapliga studier genomf\u00f6rda av University College London Hospitals, NHS Foundation Trust (UCLH), Institutionen f\u00f6r mikrobiologi. H\u00e4r har de unders\u00f6kt reng\u00f6ringseffektiviteten hos OSPREY DEEPCLEAN produkterna, vid sanering [&hellip;]<\/p>\n","protected":false},"author":1,"featured_media":0,"parent":98,"menu_order":0,"comment_status":"closed","ping_status":"closed","template":"","meta":{"footnotes":""},"class_list":["post-100","page","type-page","status-publish","hentry"],"_links":{"self":[{"href":"https:\/\/www.ospreydc.se\/index.php?rest_route=\/wp\/v2\/pages\/100","targetHints":{"allow":["GET"]}}],"collection":[{"href":"https:\/\/www.ospreydc.se\/index.php?rest_route=\/wp\/v2\/pages"}],"about":[{"href":"https:\/\/www.ospreydc.se\/index.php?rest_route=\/wp\/v2\/types\/page"}],"author":[{"embeddable":true,"href":"https:\/\/www.ospreydc.se\/index.php?rest_route=\/wp\/v2\/users\/1"}],"replies":[{"embeddable":true,"href":"https:\/\/www.ospreydc.se\/index.php?rest_route=%2Fwp%2Fv2%2Fcomments&post=100"}],"version-history":[{"count":0,"href":"https:\/\/www.ospreydc.se\/index.php?rest_route=\/wp\/v2\/pages\/100\/revisions"}],"up":[{"embeddable":true,"href":"https:\/\/www.ospreydc.se\/index.php?rest_route=\/wp\/v2\/pages\/98"}],"wp:attachment":[{"href":"https:\/\/www.ospreydc.se\/index.php?rest_route=%2Fwp%2Fv2%2Fmedia&parent=100"}],"curies":[{"name":"wp","href":"https:\/\/api.w.org\/{rel}","templated":true}]}}