{"id":26,"date":"2012-11-15T21:44:07","date_gmt":"2012-11-15T20:44:07","guid":{"rendered":"http:\/\/ospreydc.se\/?page_id=26"},"modified":"2025-07-22T15:21:18","modified_gmt":"2025-07-22T13:21:18","slug":"om-ospreydc","status":"publish","type":"page","link":"http:\/\/www.ospreydc.se\/?page_id=26","title":{"rendered":"Om Osprey"},"content":{"rendered":"<p>Sedan starten 1995 har OSPREY DEEPCLEAN blivit en erk\u00e4nd och ledande leverant\u00f6r av professionella och industriella \u00e5ngmaskiner i Centraleuropa. Man har sedan starten inriktat sig p\u00e5 att utveckla milj\u00f6v\u00e4nliga och effektiva system f\u00f6r reng\u00f6ring och samtliga l\u00f6sningar anv\u00e4nds helt utan inblandning av kemikalier.<\/p>\n<p>OSPREY DEEPCLEAN har idag maskiner fr\u00e5n allm\u00e4n st\u00e4dning, tung industrireng\u00f6ring, samt helautomatiserade l\u00f6sningar och specialdesignade maskiner f\u00f6r v\u00e5rdsektorn. I samtliga fall anv\u00e4nds s\u00e5 kallad torr \u00e5nga vilket inneb\u00e4r att man anv\u00e4nder en \u00e5nga en l\u00e4gre luftfuktighet \u00e4n 5-6%.<\/p>\n<p>En liter vatten ger mellan 1.500\u20131.800 liter \u00e5nga beroende p\u00e5 maskinval samt har en temperatur vid munstycket mellan 100\u00b0 130\u00b0. Det inneb\u00e4r att det finns en l\u00f6sning f\u00f6r reng\u00f6ring med \u00e5nga f\u00f6r alla behov. V\u00e5ra kunder f\u00e5r en professionell mest effektiv, innovativ och p\u00e5litlig \u00e5ngutrustning som \u00e4ven \u00e4r kostnadseffektiv och 100 % milj\u00f6v\u00e4nlig.<\/p>\n<p>Innovativa l\u00f6sningar f\u00f6r att kunna skapa ett effektivt system f\u00f6r v\u00e5rdsektorn har tagits fram och har inneburit att man idag efter tester kan presentera testresultat som visar att man f\u00e5r bort alla typer av bakterier vid tester i sjukhusmilj\u00f6 vilket inneb\u00e4r att man idag kan f\u00e5 en mycket effektiv desinficerad milj\u00f6. De \u00e5ngmaskiner som vi rekommenderar att anv\u00e4nda inom sjukv\u00e5rden har samtliga \u00e4ven en dammsugare. Det \u00e4r en v\u00e5tdammsugare som har ett vattenfilter f\u00f6r att f\u00f6rhindra att partiklar som sugs upp \u00e5terigen kommer ut i luften.<\/p>\n<h4>OSPREY DEEPCLEAN st\u00e5r f\u00f6r f\u00f6ljande<\/h4>\n<ul>\n<li>Milj\u00f6v\u00e4nligt<\/li>\n<li>Tidsbesparande<\/li>\n<li>Inga kemikalier<\/li>\n<li>Toppresultat<\/li>\n<\/ul>\n","protected":false},"excerpt":{"rendered":"<p>Sedan starten 1995 har OSPREY DEEPCLEAN blivit en erk\u00e4nd och ledande leverant\u00f6r av professionella och industriella \u00e5ngmaskiner i Centraleuropa. Man har sedan starten inriktat sig p\u00e5 att utveckla milj\u00f6v\u00e4nliga och effektiva system f\u00f6r reng\u00f6ring och samtliga l\u00f6sningar anv\u00e4nds helt utan inblandning av kemikalier. OSPREY DEEPCLEAN har idag maskiner fr\u00e5n allm\u00e4n st\u00e4dning, tung industrireng\u00f6ring, samt helautomatiserade [&hellip;]<\/p>\n","protected":false},"author":1,"featured_media":0,"parent":21,"menu_order":0,"comment_status":"closed","ping_status":"open","template":"","meta":{"footnotes":""},"class_list":["post-26","page","type-page","status-publish","hentry"],"_links":{"self":[{"href":"http:\/\/www.ospreydc.se\/index.php?rest_route=\/wp\/v2\/pages\/26","targetHints":{"allow":["GET"]}}],"collection":[{"href":"http:\/\/www.ospreydc.se\/index.php?rest_route=\/wp\/v2\/pages"}],"about":[{"href":"http:\/\/www.ospreydc.se\/index.php?rest_route=\/wp\/v2\/types\/page"}],"author":[{"embeddable":true,"href":"http:\/\/www.ospreydc.se\/index.php?rest_route=\/wp\/v2\/users\/1"}],"replies":[{"embeddable":true,"href":"http:\/\/www.ospreydc.se\/index.php?rest_route=%2Fwp%2Fv2%2Fcomments&post=26"}],"version-history":[{"count":0,"href":"http:\/\/www.ospreydc.se\/index.php?rest_route=\/wp\/v2\/pages\/26\/revisions"}],"up":[{"embeddable":true,"href":"http:\/\/www.ospreydc.se\/index.php?rest_route=\/wp\/v2\/pages\/21"}],"wp:attachment":[{"href":"http:\/\/www.ospreydc.se\/index.php?rest_route=%2Fwp%2Fv2%2Fmedia&parent=26"}],"curies":[{"name":"wp","href":"https:\/\/api.w.org\/{rel}","templated":true}]}}