{"id":103,"date":"2012-11-15T22:50:28","date_gmt":"2012-11-15T21:50:28","guid":{"rendered":"http:\/\/ospreydc.se\/?page_id=103"},"modified":"2022-12-31T17:16:47","modified_gmt":"2022-12-31T16:16:47","slug":"livsmedel","status":"publish","type":"page","link":"http:\/\/www.ospreydc.se\/?page_id=103","title":{"rendered":"Livsmedel"},"content":{"rendered":"<h4>Kostnadseffektiva hygienl\u00f6sningar f\u00f6r livsmedelsbranchen.<\/h4>\n<p><strong>H\u00f6gsta standard f\u00f6r reng\u00f6ring.<\/strong><br \/>\nDagens hektiska catering och matmilj\u00f6er i detaljhandeln st\u00e5r inf\u00f6r utmaningen att erh\u00e5lla h\u00f6gsta st\u00e4dstandard&nbsp; till l\u00e4gsta kostnad. Extra h\u00f6ga krav st\u00e4lls f\u00f6r livsmedelshygien och f\u00f6rvaring.<\/p>\n<p>Osprey DeepCleans hygieniska maskiner \u00f6vertr\u00e4ffar alla regelkrav f\u00f6r livsmedelshygien. Det finns inget s\u00e4krare eller mer kostnadseffektivt s\u00e4tt att s\u00e4kerst\u00e4lla reng\u00f6ringen \u00e4n med torr-\u00e5nga-teknik. V\u00e5rt sortiment av professionella hygiensystem f\u00f6rb\u00e4ttrar standarden f\u00f6r renlighet. Detta kommer inte bara att leda till b\u00e4ttre hygienstandard utan \u00e4ven liten eller ingen anv\u00e4ndning av kemikalier samt l\u00e4ngre livsl\u00e4ngd f\u00f6r utrustningen i k\u00f6ket\/butiken. V\u00e5ra system \u00e4r s\u00e5 enkla och effektiva att anv\u00e4nda, s\u00e5 kan det kan till och med inneb\u00e4ra besparingar!<\/p>\n<p><strong>Milj\u00f6v\u00e4nlig teknik.<br \/>\n<\/strong>Med v\u00e5r torr-\u00e5nga-teknik anv\u00e4nds lite vatten och inga starka reng\u00f6ringsmedel. Detta ger maximal reng\u00f6ring och hygien med minsta m\u00f6jliga milj\u00f6p\u00e5verkan.<\/p>\n<ul>\n<li>F\u00f6rb\u00e4ttrad bakteried\u00f6dande effekt<\/li>\n<li>Minskad anv\u00e4ndning av reng\u00f6ringsmedel<\/li>\n<li><a href=\"http:\/\/www.ospreydc.se\/wp-content\/uploads\/2012\/11\/catering.pdf\" target=\"_blank\" rel=\"noopener\">PDF med information f\u00f6r livsmedel<\/a> &nbsp;<img loading=\"lazy\" decoding=\"async\" class=\"alignnone size-full wp-image-333\" title=\"pdf\" src=\"http:\/\/www.ospreydc.se\/wp-content\/uploads\/2012\/11\/pdf.png\" alt=\"\" width=\"16\" height=\"16\"><\/li>\n<\/ul>\n","protected":false},"excerpt":{"rendered":"<p>Kostnadseffektiva hygienl\u00f6sningar f\u00f6r livsmedelsbranchen. H\u00f6gsta standard f\u00f6r reng\u00f6ring. Dagens hektiska catering och matmilj\u00f6er i detaljhandeln st\u00e5r inf\u00f6r utmaningen att erh\u00e5lla h\u00f6gsta st\u00e4dstandard&nbsp; till l\u00e4gsta kostnad. Extra h\u00f6ga krav st\u00e4lls f\u00f6r livsmedelshygien och f\u00f6rvaring. Osprey DeepCleans hygieniska maskiner \u00f6vertr\u00e4ffar alla regelkrav f\u00f6r livsmedelshygien. Det finns inget s\u00e4krare eller mer kostnadseffektivt s\u00e4tt att s\u00e4kerst\u00e4lla reng\u00f6ringen \u00e4n med [&hellip;]<\/p>\n","protected":false},"author":1,"featured_media":0,"parent":98,"menu_order":0,"comment_status":"closed","ping_status":"closed","template":"","meta":{"footnotes":""},"class_list":["post-103","page","type-page","status-publish","hentry"],"_links":{"self":[{"href":"http:\/\/www.ospreydc.se\/index.php?rest_route=\/wp\/v2\/pages\/103","targetHints":{"allow":["GET"]}}],"collection":[{"href":"http:\/\/www.ospreydc.se\/index.php?rest_route=\/wp\/v2\/pages"}],"about":[{"href":"http:\/\/www.ospreydc.se\/index.php?rest_route=\/wp\/v2\/types\/page"}],"author":[{"embeddable":true,"href":"http:\/\/www.ospreydc.se\/index.php?rest_route=\/wp\/v2\/users\/1"}],"replies":[{"embeddable":true,"href":"http:\/\/www.ospreydc.se\/index.php?rest_route=%2Fwp%2Fv2%2Fcomments&post=103"}],"version-history":[{"count":0,"href":"http:\/\/www.ospreydc.se\/index.php?rest_route=\/wp\/v2\/pages\/103\/revisions"}],"up":[{"embeddable":true,"href":"http:\/\/www.ospreydc.se\/index.php?rest_route=\/wp\/v2\/pages\/98"}],"wp:attachment":[{"href":"http:\/\/www.ospreydc.se\/index.php?rest_route=%2Fwp%2Fv2%2Fmedia&parent=103"}],"curies":[{"name":"wp","href":"https:\/\/api.w.org\/{rel}","templated":true}]}}